{"id":167,"date":"2022-02-13T18:15:20","date_gmt":"2022-02-13T18:15:20","guid":{"rendered":"http:\/\/lingren.dk\/?page_id=167"},"modified":"2024-02-11T18:33:24","modified_gmt":"2024-02-11T18:33:24","slug":"det-kreative-hjoerne","status":"publish","type":"page","link":"http:\/\/lingren.dk\/?page_id=167","title":{"rendered":"Det kreative hj\u00f8rne&#8230;"},"content":{"rendered":"\n<figure class=\"wp-block-image size-large\"><img loading=\"lazy\" decoding=\"async\" width=\"1024\" height=\"576\" src=\"http:\/\/lingren.dk\/wp-content\/uploads\/2022\/02\/IMG_2881-1024x576.jpg\" alt=\"\" class=\"wp-image-169\" srcset=\"http:\/\/lingren.dk\/wp-content\/uploads\/2022\/02\/IMG_2881-1024x576.jpg 1024w, http:\/\/lingren.dk\/wp-content\/uploads\/2022\/02\/IMG_2881-300x169.jpg 300w, http:\/\/lingren.dk\/wp-content\/uploads\/2022\/02\/IMG_2881-768x432.jpg 768w, http:\/\/lingren.dk\/wp-content\/uploads\/2022\/02\/IMG_2881-1536x864.jpg 1536w, http:\/\/lingren.dk\/wp-content\/uploads\/2022\/02\/IMG_2881-1x1.jpg 1w, http:\/\/lingren.dk\/wp-content\/uploads\/2022\/02\/IMG_2881.jpg 1920w\" sizes=\"auto, (max-width: 1024px) 100vw, 1024px\" \/><\/figure>\n\n\n\n<p>NEVER STOP LEARNING&nbsp;er mit motto&#8230;.<br>Foruden min erfarring med og store passion for HR, ledelse og udvikling har jeg en Master i organisationspsykologi (MPO), RUC. Jeg er desuden forfatter, vinterbader, kajakroer, nysgerrig og vild med at opleve og rejse \ud83d\ude00<\/p>\n\n\n\n<p><\/p>\n\n\n\n<figure class=\"wp-block-image size-large\"><img loading=\"lazy\" decoding=\"async\" width=\"1024\" height=\"768\" src=\"http:\/\/lingren.dk\/wp-content\/uploads\/2022\/02\/IMG_5515-1024x768.jpg\" alt=\"\" class=\"wp-image-170\" srcset=\"http:\/\/lingren.dk\/wp-content\/uploads\/2022\/02\/IMG_5515-1024x768.jpg 1024w, http:\/\/lingren.dk\/wp-content\/uploads\/2022\/02\/IMG_5515-300x225.jpg 300w, http:\/\/lingren.dk\/wp-content\/uploads\/2022\/02\/IMG_5515-768x576.jpg 768w, http:\/\/lingren.dk\/wp-content\/uploads\/2022\/02\/IMG_5515-1536x1152.jpg 1536w, http:\/\/lingren.dk\/wp-content\/uploads\/2022\/02\/IMG_5515-2048x1536.jpg 2048w, http:\/\/lingren.dk\/wp-content\/uploads\/2022\/02\/IMG_5515-1x1.jpg 1w\" sizes=\"auto, (max-width: 1024px) 100vw, 1024px\" \/><\/figure>\n\n\n\n<p>En kajaktur p\u00e5 \u00d8resund er 100% opladning<\/p>\n\n\n\n<figure class=\"wp-block-image size-large\"><img loading=\"lazy\" decoding=\"async\" width=\"1024\" height=\"768\" src=\"http:\/\/lingren.dk\/wp-content\/uploads\/2022\/02\/P1070731-1024x768.jpg\" alt=\"\" class=\"wp-image-171\" srcset=\"http:\/\/lingren.dk\/wp-content\/uploads\/2022\/02\/P1070731-1024x768.jpg 1024w, http:\/\/lingren.dk\/wp-content\/uploads\/2022\/02\/P1070731-300x225.jpg 300w, http:\/\/lingren.dk\/wp-content\/uploads\/2022\/02\/P1070731-768x576.jpg 768w, http:\/\/lingren.dk\/wp-content\/uploads\/2022\/02\/P1070731-1536x1152.jpg 1536w, http:\/\/lingren.dk\/wp-content\/uploads\/2022\/02\/P1070731-2048x1536.jpg 2048w, http:\/\/lingren.dk\/wp-content\/uploads\/2022\/02\/P1070731-1x1.jpg 1w\" sizes=\"auto, (max-width: 1024px) 100vw, 1024px\" \/><\/figure>\n\n\n\n<p>P\u00e5 toppen af Kinabalu, Boreno, 2011<\/p>\n\n\n\n<figure class=\"wp-block-image size-large\"><img loading=\"lazy\" decoding=\"async\" width=\"1024\" height=\"768\" src=\"http:\/\/lingren.dk\/wp-content\/uploads\/2022\/02\/P1070779-1024x768.jpg\" alt=\"\" class=\"wp-image-183\" srcset=\"http:\/\/lingren.dk\/wp-content\/uploads\/2022\/02\/P1070779-1024x768.jpg 1024w, http:\/\/lingren.dk\/wp-content\/uploads\/2022\/02\/P1070779-300x225.jpg 300w, http:\/\/lingren.dk\/wp-content\/uploads\/2022\/02\/P1070779-768x576.jpg 768w, http:\/\/lingren.dk\/wp-content\/uploads\/2022\/02\/P1070779-1536x1152.jpg 1536w, http:\/\/lingren.dk\/wp-content\/uploads\/2022\/02\/P1070779-2048x1536.jpg 2048w, http:\/\/lingren.dk\/wp-content\/uploads\/2022\/02\/P1070779-1x1.jpg 1w\" sizes=\"auto, (max-width: 1024px) 100vw, 1024px\" \/><figcaption class=\"wp-element-caption\">M\u00e5let med at bestige et bjerg er ikke kun at n\u00e5 toppen&#8230; Bjerget er f\u00f8rst besteget, n\u00e5r du n\u00e5r toppen og er nede igen&#8230; Nyd vejen til m\u00e5let og hele rejsen (processen)&#8230;<\/figcaption><\/figure>\n\n\n\n<figure class=\"wp-block-image size-full is-resized\"><img loading=\"lazy\" decoding=\"async\" width=\"814\" height=\"500\" src=\"http:\/\/lingren.dk\/wp-content\/uploads\/2022\/02\/Skaermbillede-2011-02-19-kl.-12.03.22-814x500-1.png\" alt=\"\" class=\"wp-image-189\" style=\"width:840px;height:516px\" srcset=\"http:\/\/lingren.dk\/wp-content\/uploads\/2022\/02\/Skaermbillede-2011-02-19-kl.-12.03.22-814x500-1.png 814w, http:\/\/lingren.dk\/wp-content\/uploads\/2022\/02\/Skaermbillede-2011-02-19-kl.-12.03.22-814x500-1-300x184.png 300w, http:\/\/lingren.dk\/wp-content\/uploads\/2022\/02\/Skaermbillede-2011-02-19-kl.-12.03.22-814x500-1-768x472.png 768w, http:\/\/lingren.dk\/wp-content\/uploads\/2022\/02\/Skaermbillede-2011-02-19-kl.-12.03.22-814x500-1-1x1.png 1w\" sizes=\"auto, (max-width: 814px) 100vw, 814px\" \/><figcaption class=\"wp-element-caption\">Udsigten fra toppen af MT. Fuji 2010<\/figcaption><\/figure>\n\n\n\n<figure class=\"wp-block-image size-large\"><img loading=\"lazy\" decoding=\"async\" width=\"1024\" height=\"768\" src=\"http:\/\/lingren.dk\/wp-content\/uploads\/2022\/02\/IMG_2677D-1024x768.jpg\" alt=\"\" class=\"wp-image-180\" srcset=\"http:\/\/lingren.dk\/wp-content\/uploads\/2022\/02\/IMG_2677D-1024x768.jpg 1024w, http:\/\/lingren.dk\/wp-content\/uploads\/2022\/02\/IMG_2677D-300x225.jpg 300w, http:\/\/lingren.dk\/wp-content\/uploads\/2022\/02\/IMG_2677D-768x576.jpg 768w, http:\/\/lingren.dk\/wp-content\/uploads\/2022\/02\/IMG_2677D-1536x1152.jpg 1536w, http:\/\/lingren.dk\/wp-content\/uploads\/2022\/02\/IMG_2677D-2048x1536.jpg 2048w, http:\/\/lingren.dk\/wp-content\/uploads\/2022\/02\/IMG_2677D-1x1.jpg 1w\" sizes=\"auto, (max-width: 1024px) 100vw, 1024px\" \/><figcaption class=\"wp-element-caption\">En vinterbaders motto&#8230;. man fortryder aldrig en dukkert i \u00d8resund uanset vejret&#8230; \ud83d\ude09<\/figcaption><\/figure>\n\n\n\n<figure class=\"wp-block-image size-full is-resized\"><img loading=\"lazy\" decoding=\"async\" width=\"720\" height=\"540\" src=\"http:\/\/lingren.dk\/wp-content\/uploads\/2022\/02\/Forfatter-Carsten-Lingren-Danmark.jpg\" alt=\"\" class=\"wp-image-192\" style=\"width:824px;height:618px\" srcset=\"http:\/\/lingren.dk\/wp-content\/uploads\/2022\/02\/Forfatter-Carsten-Lingren-Danmark.jpg 720w, http:\/\/lingren.dk\/wp-content\/uploads\/2022\/02\/Forfatter-Carsten-Lingren-Danmark-300x225.jpg 300w, http:\/\/lingren.dk\/wp-content\/uploads\/2022\/02\/Forfatter-Carsten-Lingren-Danmark-1x1.jpg 1w\" sizes=\"auto, (max-width: 720px) 100vw, 720px\" \/><figcaption class=\"wp-element-caption\">Forfatter til 8 b\u00f8ger i perioden fra 1999 til 2010. <\/figcaption><\/figure>\n\n\n\n<p><\/p>\n","protected":false},"excerpt":{"rendered":"<p>NEVER STOP LEARNING&nbsp;er mit motto&#8230;.Foruden min erfarring med og store passion for HR, ledelse og udvikling har jeg en Master i organisationspsykologi (MPO), RUC. Jeg er desuden forfatter, vinterbader, kajakroer, nysgerrig og vild med at opleve og rejse \ud83d\ude00 En kajaktur p\u00e5 \u00d8resund er 100% opladning P\u00e5 toppen af Kinabalu, Boreno, 2011<\/p>\n","protected":false},"author":1,"featured_media":0,"parent":0,"menu_order":0,"comment_status":"closed","ping_status":"closed","template":"","meta":{"footnotes":""},"class_list":["post-167","page","type-page","status-publish","hentry"],"_links":{"self":[{"href":"http:\/\/lingren.dk\/index.php?rest_route=\/wp\/v2\/pages\/167","targetHints":{"allow":["GET"]}}],"collection":[{"href":"http:\/\/lingren.dk\/index.php?rest_route=\/wp\/v2\/pages"}],"about":[{"href":"http:\/\/lingren.dk\/index.php?rest_route=\/wp\/v2\/types\/page"}],"author":[{"embeddable":true,"href":"http:\/\/lingren.dk\/index.php?rest_route=\/wp\/v2\/users\/1"}],"replies":[{"embeddable":true,"href":"http:\/\/lingren.dk\/index.php?rest_route=%2Fwp%2Fv2%2Fcomments&post=167"}],"version-history":[{"count":8,"href":"http:\/\/lingren.dk\/index.php?rest_route=\/wp\/v2\/pages\/167\/revisions"}],"predecessor-version":[{"id":204,"href":"http:\/\/lingren.dk\/index.php?rest_route=\/wp\/v2\/pages\/167\/revisions\/204"}],"wp:attachment":[{"href":"http:\/\/lingren.dk\/index.php?rest_route=%2Fwp%2Fv2%2Fmedia&parent=167"}],"curies":[{"name":"wp","href":"https:\/\/api.w.org\/{rel}","templated":true}]}}